{"id":613,"date":"2014-05-07T12:51:17","date_gmt":"2014-05-07T10:51:17","guid":{"rendered":"http:\/\/niedermayr-gschleier.it\/it\/contatto\/privacy\/"},"modified":"2016-02-07T14:09:28","modified_gmt":"2016-02-07T12:09:28","slug":"privacy","status":"publish","type":"page","link":"http:\/\/niedermayr-gschleier.it\/it\/contatto\/privacy\/","title":{"rendered":"Privacy"},"content":{"rendered":"<p><strong>Informativa resa ai sensi del Dlgs del 30.06.2003 \u201eCODICE DELLA PRIVACY\u201c<\/strong><\/p>\n<ul>\n<li>Ai sensi dell\u2019art. 13, Dlgs 30 giugno 2003 nr. 196, INFORMIAMO che la nostra societ\u00e0<strong>\u00a0<\/strong>tratta dati personali di clienti, Partner e fornitori e di soggetti che ci comunicano volontariamente (telefonicamente o via fax o via e-mail) i loro dati anagrafici.<\/li>\n<li>La nostra societ\u00e1 garantisce nell\u2019ambito delle previsioni normative che il trattamento dei dati personali si svolge nel rispetto dei diritti e delle libert\u00e1 fondamentali, nonch\u00e9 della dignit\u00e1 dell\u2019interessato, con particolare riferimento alla riservatezza, all\u2019identit\u00e1 personale e al diritto alla protezione dei dati personali.<\/li>\n<\/ul>\n<p><strong>Finalit\u00e0 del trattamento:<\/strong><\/p>\n<ul>\n<li>adempiere agli obblighi di legge, dai regolamenti, dalla normativa comunitaria, da norme civilistiche e fiscali<\/li>\n<li>adempiere agli eventuali obblighi contrattuali nei confronti del interessato.<\/li>\n<li>adempiere ad attivit\u00e1 connesse all\u2019attivit\u00e1 economica della nostra societ\u00e1, come compilazione delle anagrafiche e statistiche interne, per la fatturazione, la tenuta della contablit\u00e1 clienti-fornitori.<\/li>\n<li>finalit\u00e0 di tipo commerciale, come invio di\u00a0 informazioni commerciali e materiale pubblicitario (via posta, fax ed e-mail), di marketing e ricerche di mercato.<\/li>\n<li>la tutela dei crediti e la gestione dei debiti.<\/li>\n<li>finalit\u00e0 assicurative, in particolare per assicurazioni crediti.<\/li>\n<\/ul>\n<p><strong>In relazione alle finalit\u00e0 di cui sopra i Suoi dati personali verranno comunicati se necessario:<\/strong><\/p>\n<ul>\n<li>alle Pubbliche Amministrazioni ed Autorit\u00e0, ove previsto dalla legge.<\/li>\n<li>ad Istituti di credito con i quali la ns. ditta ha rapporti per la gestione dei crediti\/debiti e l\u2019intermediazione finanziaria.<\/li>\n<li>a tutte quelle persone fisiche e\/o giuridiche, pubbliche e\/o private (studi di consulenza legale, amministrativa e fiscale, uffici giudiziari, Camere di Commercio ecc.), quando la comunicazione risulti necessaria o funzionale allo svolgimento della nostra attivit\u00e1 e nei modi e per le finalit\u00e1 sopra elencate.<\/li>\n<\/ul>\n<p><strong>Diffusione<\/strong><\/p>\n<ul>\n<li>I dati personali trattati dalla nostra societ\u00e1 non sono soggetti a diffusione.<\/li>\n<\/ul>\n<p><strong>Il trattamento dei dati<\/strong><\/p>\n<ul>\n<li>Il trattamento potr\u00e0 effettuarsi con o senza l\u2019ausilio di mezzi elettronici e comunque automatizzati e comprender\u00e0 tutte le operazioni previste all\u2019art. 4 comma 1, lettera a, Dlgs 30 giugno 2003 nr. 196 e necessarie al trattamento in questione.<\/li>\n<li>Comunque il trattamento sar\u00e1 effettuato nell\u2019osservanza di ogni misura cautelativa, che ne garantisca la sicurezza e la riservatezza.<\/li>\n<\/ul>\n<p><strong>Diritti dell\u2019 interessato<\/strong><\/p>\n<ul>\n<li>Il Codice della Privacy conferisce agli interessati l\u2019esercizio di specifici diritti di cui all\u2019art. 7. In particolare pu\u00f3 ottenere dal titolare la conferma dell\u2019esistenza o meno di propri dati personali che lo riguardano e la loro comunicazione in forma intelligibile. L\u2019interessato pu\u00f3 altres\u00ed chiedere di conoscere l\u2019origine dei dati, le finalit\u00e1 e modalit\u00e0 del trattamento nonch\u00e9 la logica applicato in caso trattamento effettuato con l\u2019ausilio di strumenti elettronici, l\u2019identificazione degli estremi identificativi del titolare, dei responsabili nominati e dei soggetti e categorie di soggetti ai quali i dati possono essere comunicati o che possono venire a conoscenza.<\/li>\n<li>L\u2019interessato ha il diritto di ottenere l\u2019aggiornamento, la rettificazione, l\u2019integrazione, la cancellazione, la trasformazione in via anonima o il blocco dei dati trattati in violazione di legge. L\u2019interessato ha diritto di opporsi, in tutto o in parte, per motivi legittimi al trattamento dei dati personali che lo riguardano, ancorch\u00e9 pertinenti allo scopo della raccolta, e senza motivo al trattamento che lo riguarda a fini di invio di materiale pubblicitario o di vendita diretta o per il compimento di ricerche di mercato o di comunicazione commerciale. I diritti in oggetto possono essere esercitati, anche per il tramite di un incaricato, mediante richiesta rivolta al responsabile nominato (Norbert Niedermayr, Via Mulino 12 B, 39057 Cornaiano\/ Appiano,) con lettera raccomandata o e-mail all\u2019indirizzo: <strong><a href=\"mailto:info@niedermayr-gschleier.it\">info@niedermayr-gschleier.it<\/a><\/strong><\/li>\n<\/ul>\n<p><strong>Il titolare del trattamento in oggetto \u00e8:<\/strong><\/p>\n<ul>\n<li>Norbert Niedermayr, Via Mulino 12 B, 39057 Cornaiano\/ Appiano, in persona del legale rappresentante sig. Norbert Niedermayr.<\/li>\n<\/ul>\n<h1>Informativa sui Cookie<\/h1>\n<p>I cookie sono piccoli file di testo memorizzati dal browser sul disco rigido del visitatore di un sito web. L\u2019utilizzo di cookie avviene per vari motivi. Ad esempio rendono pi\u00f9 facile la navigazione, memorizzano le preferenze dell\u2019utente e contribuiscono al fornimento di una migliore esperienza di navigazione.<\/p>\n<h4>Questo sito fa uso di cookie<\/h4>\n<p>Accendendo a questo sito web, l\u2019utente dichiara di acconsentire all\u2019utilizzo dei cookie (propri e di terze parti).<\/p>\n<h4>Questo sito utilizza i seguenti cookie<\/h4>\n<table class=\"cookies wide-fat\"><thead><tr><td>Cookie Name<\/td><td>Cookie Category<\/td><td>Description<\/td><td>Duration<\/td><\/tr><\/thead><tr><td>wordpress_<\/td><td>2<\/td><td>WordPress cookie for a logged in user.<\/td><td>session<\/td><\/tr><tr><td>wordpress_logged_in_<\/td><td>2<\/td><td>WordPress cookie for a logged in user<\/td><td>session<\/td><\/tr><tr><td>wordpress_test_<\/td><td>2<\/td><td>WordPress cookie for a logged in user<\/td><td>session<\/td><\/tr><tr><td>wordpress_test_cookie<\/td><td>2<\/td><td>WordPress test cookie<\/td><td>session<\/td><\/tr><tr><td>wp-settings-<\/td><td>1<\/td><td>Wordpress also sets a few wp-settings-[UID] cookies.\nThe number on the end is your individual user ID from the users database table. \nThis is used to customize your view of admin interface, and possibly also the main site interface. \n<\/td><td>1 year<\/td><\/tr><tr><td>wp-settings-time-<\/td><td>2<\/td><td>Wordpress also sets a few wp-settings-{time}-[UID] cookies. The number on the end is your individual user ID from the users database table. This is used to customize your view of admin interface, and possibly also the main site interface.<\/td><td>1 year<\/td><\/tr><tr><td>PHPSESSID<\/td><td>1<\/td><td>To identify your unique session on the website<\/td><td>session<\/td><\/tr><tr><td>SESS<\/td><td>1<\/td><td>To ensure that you are recognised when you move from page to page within the site and that any information you have entered is remembered.<\/td><td>session<\/td><\/tr><\/table>\n<h4>Come eliminare e bloccare i Cookie<\/h4>\n<p>L\u2019utente pu\u00f2 disattivare e cancellare i cookie attraverso le impostazioni del browser. Tuttavia, in caso di rifiuto o disattivazione totale dei cookie l\u2019utilizzo del sito potrebbe risultare limitato o del tutto compromesso.<br \/>\nEcco alcuni link che spiegano la procedura della disattivazione e\/o eliminazione dei cookie per i browser pi\u00f9 diffusi.<\/p>\n<p><strong>Mozilla Firefox<\/strong><\/p>\n<ul>\n<li><a href=\"http:\/\/mzl.la\/1h1odkm\" target=\"_blank\" rel=\"nofollow\">Eliminare i cookie<\/a><\/li>\n<li><a href=\"http:\/\/mzl.la\/1BAQFQq\" target=\"_blank\" rel=\"nofollow\">Disattivare i cookie<\/a><\/li>\n<\/ul>\n<p><strong>Google Chrome<\/strong><\/p>\n<ul>\n<li><a href=\"https:\/\/support.google.com\/chrome\/answer\/95647?hl=it\" target=\"_blank\" rel=\"nofollow\">Eliminare e bloccare i cookie<\/a><\/li>\n<\/ul>\n<p><strong>Safari (Mac)<br \/>\n<\/strong><\/p>\n<ul>\n<li><a href=\"https:\/\/support.apple.com\/kb\/PH19214?viewlocale=it_IT&amp;locale=it_IT\" target=\"_blank\" rel=\"nofollow\">Eliminare e bloccare i cookie<\/a><\/li>\n<\/ul>\n<p><strong>Internet Explorer<\/strong><\/p>\n<ul>\n<li><a href=\"http:\/\/windows.microsoft.com\/it-it\/internet-explorer\/delete-manage-cookies#ie=ie-11\" target=\"_blank\" rel=\"nofollow\">Eliminare e bloccare i cookie<\/a><\/li>\n<\/ul>\n<p><strong>iOS<\/strong><\/p>\n<ul>\n<li><a href=\"https:\/\/support.apple.com\/it-it\/HT201265\" target=\"_blank\" rel=\"nofollow\">Eliminare e bloccare i cookie<\/a><\/li>\n<\/ul>\n","protected":false},"excerpt":{"rendered":"<p>Informativa resa ai sensi del Dlgs del 30.06.2003 \u201eCODICE DELLA PRIVACY\u201c Ai sensi dell\u2019art. 13, Dlgs 30 giugno 2003 nr. 196, INFORMIAMO che la nostra societ\u00e0\u00a0tratta dati personali di clienti, Partner e fornitori e di soggetti che ci comunicano volontariamente (telefonicamente o via fax o&hellip; <a class=\"read-more\" href=\"http:\/\/niedermayr-gschleier.it\/it\/contatto\/privacy\/\">Read more<\/a><\/p>\n","protected":false},"author":2,"featured_media":0,"parent":563,"menu_order":20,"comment_status":"closed","ping_status":"open","template":"","meta":[],"_links":{"self":[{"href":"http:\/\/niedermayr-gschleier.it\/it\/wp-json\/wp\/v2\/pages\/613"}],"collection":[{"href":"http:\/\/niedermayr-gschleier.it\/it\/wp-json\/wp\/v2\/pages"}],"about":[{"href":"http:\/\/niedermayr-gschleier.it\/it\/wp-json\/wp\/v2\/types\/page"}],"author":[{"embeddable":true,"href":"http:\/\/niedermayr-gschleier.it\/it\/wp-json\/wp\/v2\/users\/2"}],"replies":[{"embeddable":true,"href":"http:\/\/niedermayr-gschleier.it\/it\/wp-json\/wp\/v2\/comments?post=613"}],"version-history":[{"count":5,"href":"http:\/\/niedermayr-gschleier.it\/it\/wp-json\/wp\/v2\/pages\/613\/revisions"}],"predecessor-version":[{"id":664,"href":"http:\/\/niedermayr-gschleier.it\/it\/wp-json\/wp\/v2\/pages\/613\/revisions\/664"}],"up":[{"embeddable":true,"href":"http:\/\/niedermayr-gschleier.it\/it\/wp-json\/wp\/v2\/pages\/563"}],"wp:attachment":[{"href":"http:\/\/niedermayr-gschleier.it\/it\/wp-json\/wp\/v2\/media?parent=613"}],"curies":[{"name":"wp","href":"https:\/\/api.w.org\/{rel}","templated":true}]}}